{"id":7613,"date":"2024-03-08T19:26:37","date_gmt":"2024-03-08T18:26:37","guid":{"rendered":"https:\/\/projecteaina.cat\/tech\/?page_id=7613"},"modified":"2024-03-10T17:01:25","modified_gmt":"2024-03-10T16:01:25","slug":"nota-legal","status":"publish","type":"page","link":"https:\/\/projecteaina.cat\/tech\/nota-legal\/","title":{"rendered":"Nota legal"},"content":{"rendered":"<p><div class=\"fusion-fullwidth fullwidth-box fusion-builder-row-1 fusion-flex-container has-pattern-background has-mask-background nonhundred-percent-fullwidth non-hundred-percent-height-scrolling\" style=\"--awb-border-radius-top-left:0px;--awb-border-radius-top-right:0px;--awb-border-radius-bottom-right:0px;--awb-border-radius-bottom-left:0px;--awb-padding-top:35px;--awb-flex-wrap:wrap;\" ><div class=\"fusion-builder-row fusion-row fusion-flex-align-items-flex-start fusion-flex-content-wrap\" style=\"max-width:1248px;margin-left: calc(-4% \/ 2 );margin-right: calc(-4% \/ 2 );\"><div class=\"fusion-layout-column fusion_builder_column fusion-builder-column-0 fusion_builder_column_1_1 1_1 fusion-flex-column\" style=\"--awb-padding-right:30px;--awb-padding-left:26px;--awb-bg-size:cover;--awb-width-large:100%;--awb-margin-top-large:0px;--awb-spacing-right-large:1.92%;--awb-margin-bottom-large:20px;--awb-spacing-left-large:1.92%;--awb-width-medium:100%;--awb-order-medium:0;--awb-spacing-right-medium:1.92%;--awb-spacing-left-medium:1.92%;--awb-width-small:100%;--awb-order-small:0;--awb-spacing-right-small:1.92%;--awb-spacing-left-small:1.92%;\"><div class=\"fusion-column-wrapper fusion-column-has-shadow fusion-flex-justify-content-flex-start fusion-content-layout-column\"><div class=\"fusion-title title fusion-title-1 fusion-sep-none fusion-title-text fusion-title-size-two\" style=\"--awb-font-size:48px;\"><h2 class=\"fusion-title-heading title-heading-left\" style=\"font-family:&quot;Roboto&quot;;font-style:normal;font-weight:700;margin:0;font-size:1em;text-transform:none;\">Nota legal<\/h2><\/div><div class=\"fusion-separator\" style=\"align-self: flex-start;margin-right:auto;width:100%;max-width:86px;\"><div class=\"fusion-separator-border sep-single sep-solid\" style=\"--awb-height:20px;--awb-amount:20px;--awb-sep-color:#000000;border-color:#000000;border-top-width:9px;\"><\/div><\/div><\/div><\/div><\/div><\/div><div class=\"fusion-fullwidth fullwidth-box fusion-builder-row-2 fusion-flex-container has-pattern-background has-mask-background nonhundred-percent-fullwidth non-hundred-percent-height-scrolling\" style=\"--awb-border-radius-top-left:0px;--awb-border-radius-top-right:0px;--awb-border-radius-bottom-right:0px;--awb-border-radius-bottom-left:0px;--awb-flex-wrap:wrap;\" ><div class=\"fusion-builder-row fusion-row fusion-flex-align-items-flex-start fusion-flex-content-wrap\" style=\"max-width:1248px;margin-left: calc(-4% \/ 2 );margin-right: calc(-4% \/ 2 );\"><div class=\"fusion-layout-column fusion_builder_column fusion-builder-column-1 fusion_builder_column_1_1 1_1 fusion-flex-column\" style=\"--awb-padding-right:30px;--awb-padding-left:26px;--awb-bg-size:cover;--awb-width-large:100%;--awb-margin-top-large:0px;--awb-spacing-right-large:1.92%;--awb-margin-bottom-large:20px;--awb-spacing-left-large:1.92%;--awb-width-medium:100%;--awb-order-medium:0;--awb-spacing-right-medium:1.92%;--awb-spacing-left-medium:1.92%;--awb-width-small:100%;--awb-order-small:0;--awb-spacing-right-small:1.92%;--awb-spacing-left-small:1.92%;\"><div class=\"fusion-column-wrapper fusion-column-has-shadow fusion-flex-justify-content-flex-start fusion-content-layout-column\"><div class=\"fusion-title title fusion-title-2 fusion-sep-none fusion-title-text fusion-title-size-two\"><h2 class=\"fusion-title-heading title-heading-left\" style=\"font-family:&quot;Roboto&quot;;font-style:normal;font-weight:500;margin:0;\">Informaci\u00f3 legal LSSIYCE<\/h2><\/div><div class=\"fusion-text fusion-text-1\"><p>D&#8217;acord amb les obligacions previstes a la Llei 34\/2002, de Serveis de la Societat de la Informaci\u00f3 i del Comer\u00e7 Electr\u00f2nic (d&#8217;ara endavant LSSIYCE), BARCELONA SUPERCOMPUTING CENTER \u2013 CENTRE NACIONAL DE SUPERCOMPUTACI\u00d3 (BSC-CNS) manifesta que el domini <a href=\"https:\/\/projecteaina.cat\/tech\">https:\/\/projecteaina.cat\/tech<\/a>&nbsp; \u00e9s propietat de BSC-CNS, amb CIF S-0800099-D, i domicili al c\/ Jordi Girona n. 31, 08034 Barcelona (Barcelona).<\/p>\n<\/div><div class=\"fusion-title title fusion-title-3 fusion-sep-none fusion-title-text fusion-title-size-two\" style=\"--awb-font-size:42px;\"><h2 class=\"fusion-title-heading title-heading-left\" style=\"font-family:&quot;Roboto&quot;;font-style:normal;font-weight:500;margin:0;font-size:1em;\">Condicions d&#8217;acc\u00e9s i \u00fas per part dels usuaris del lloc web i accions no permeses<\/h2><\/div><div class=\"fusion-text fusion-text-2\"><p>L&#8217;acc\u00e9s i l&#8217;\u00fas del lloc web atribueix la condici\u00f3 d&#8217;usuari i en conseq\u00fc\u00e8ncia comporta l&#8217;acceptaci\u00f3 expressa, plena i sense reserves de les condicions d&#8217;acc\u00e9s i \u00fas que consten al present av\u00eds legal. Aquestes condicions s\u00f3n aplicables independentment de les condicions generals de contractaci\u00f3 i de comer\u00e7 electr\u00f2nic que, si escau, siguin aplicables a les funcionalitats que ofereixen els llocs web.<\/p>\n<p>L&#8217;usuari es compromet a utilitzar els serveis i la informaci\u00f3 facilitada pel portal <a href=\"https:\/\/projecteaina.cat\/tech\"><strong>https:\/\/projecteaina.cat\/tech<\/strong><\/a> de manera adequada i l\u00edcita, abstenint-se per tant de realitzar activitats il\u00b7legals, il\u00b7l\u00edcites o contr\u00e0ries a la bona fe i a l&#8217;ordre p\u00fablic. En qualsevol cas, la responsabilitat de l&#8217;\u00fas de la informaci\u00f3 continguda en aquest lloc web \u00e9s de l&#8217;usuari. En cas que l&#8217;\u00fas de determinades funcionalitats o serveis inclosos en llocs web requereixi el registre previ de l&#8217;usuari, aquest es realitzar\u00e0 mitjan\u00e7ant formularis de captaci\u00f3 de dades subjectes a les prevencions de la legislaci\u00f3 en mat\u00e8ria de protecci\u00f3 de dades de car\u00e0cter personal. Els menors d&#8217;edat hauran de comptar amb l&#8217;autoritzaci\u00f3 dels seus tutors legals per utilitzar aquest lloc web, i aquests seran responsables dels mateixos.<\/p>\n<\/div><div class=\"fusion-title title fusion-title-4 fusion-sep-none fusion-title-text fusion-title-size-two\" style=\"--awb-font-size:42px;\"><h2 class=\"fusion-title-heading title-heading-left\" style=\"font-family:&quot;Roboto&quot;;font-style:normal;font-weight:500;margin:0;font-size:1em;\"><p class=\"fusion-title-heading title-heading-left fusion-live-editable fusion-responsive-typography-calculated\" data-inline-parent-cid=\"8\" data-inline-override-color=\"text_color\" data-inline-override-font-size=\"font_size\" data-inline-override-line-height=\"line_height\" data-inline-override-letter-spacing=\"letter_spacing\" data-inline-override-tag=\"size\" data-toolbar=\"full\" data-param=\"element_content\" data-fontsize=\"42\" data-lineheight=\"56.7px\">Responsabilitat<\/p><\/h2><\/div><div class=\"fusion-text fusion-text-3\"><p>BSC-CNS no assumeix cap responsabilitat derivada de l&#8217;\u00fas incorrecte, inapropiat o il\u00b7l\u00edcit de la informaci\u00f3 apareguda a les vostres p\u00e0gines.<\/p>\n<p>Amb els l\u00edmits establerts a la llei, BSC-CNS no assumeix cap responsabilitat derivada de la manca de veracitat, integritat, actualitzaci\u00f3 i precisi\u00f3 de les dades o informacions que es contenen a les p\u00e0gines d&#8217;Internet. Els continguts i la informaci\u00f3 de les p\u00e0gines d&#8217;Internet de BSC-CNS estan elaborats per professionals degudament qualificats per a l&#8217;exercici de la seva professi\u00f3. No obstant aix\u00f2, els continguts i la informaci\u00f3 no vinculen a l&#8217;esmentada, ni constitueixen opinions, consells o assessorament legal de cap mena, ja que es tracta merament d&#8217;un servei ofert amb car\u00e0cter informatiu i divulgatiu.<\/p>\n<p>Les p\u00e0gines d&#8217;Internet d&#8217;AINA poden contenir enlla\u00e7os a altres p\u00e0gines de tercers. BSC-CNS no assumeix cap responsabilitat pel contingut que pugui apar\u00e8ixer a p\u00e0gines de tercers. Els textos, imatges, sons, animacions, programari i la resta de continguts inclosos en aquest web s\u00f3n propietat exclusiva de BSC-CNS o els seus llicenciants. Qualsevol acte de transmissi\u00f3, distribuci\u00f3, cessi\u00f3, reproducci\u00f3, emmagatzematge o comunicaci\u00f3 p\u00fablica total o parcial ha de tenir el consentiment expr\u00e9s de BSC-CNS.<\/p>\n<\/div><div class=\"fusion-title title fusion-title-5 fusion-sep-none fusion-title-text fusion-title-size-two\" style=\"--awb-font-size:42px;\"><h2 class=\"fusion-title-heading title-heading-left\" style=\"font-family:&quot;Roboto&quot;;font-style:normal;font-weight:500;margin:0;font-size:1em;\">Informaci\u00f3 sobre Protecci\u00f3 de Dades de car\u00e0cter personal<\/h2><\/div><div class=\"fusion-text fusion-text-4\"><p>En virtut de la normativa de Protecci\u00f3 de Dades de Car\u00e0cter Personal, Reglament General de Protecci\u00f3 de Dades 2016\/679, per la present autoritza que les dades personals facilitades siguin incorporades al fitxer responsabilitat de BSC-CNS, CIF: S-0800099- D i domicili ac\/ Jordi Girona n. 31, 08034 Barcelona (Barcelona).<\/p>\n<p>Aquestes dades no seran transmeses a terceres persones i seran conservades sempre que sigui imprescindible o leg\u00edtim per a la finalitat que es van captar.<\/p>\n<p>En qualsevol cas, podr\u00e0 indicar la revocaci\u00f3 del consentiment donat, aix\u00ed com exercitar els drets dacc\u00e9s, rectificaci\u00f3 o supressi\u00f3, la limitaci\u00f3 del tractament o oposar-se, aix\u00ed com el dret a la portabilitat de les dades. Aquestes peticions s&#8217;hauran de fer al c\/ Jordi Girona n\u00fam. 31, 08034 Barcelona (Barcelona), o posant-se en contacte amb el delegat de protecci\u00f3 de dades del BSC-CNS a la seg\u00fcent adre\u00e7a:&nbsp;<a href=\"mailto:dpo@bsc.es\">dpo@bsc.es<\/a><\/p>\n<p>Aix\u00ed mateix, tamb\u00e9 podr\u00e0 presentar una reclamaci\u00f3 a l&#8217;Ag\u00e8ncia Espanyola de Protecci\u00f3 de Dades.<\/p>\n<\/div><div class=\"fusion-title title fusion-title-6 fusion-sep-none fusion-title-text fusion-title-size-two\" style=\"--awb-font-size:42px;\"><h2 class=\"fusion-title-heading title-heading-left\" style=\"font-family:&quot;Roboto&quot;;font-style:normal;font-weight:500;margin:0;font-size:1em;\"><p class=\"fusion-title-heading title-heading-left fusion-live-editable fusion-responsive-typography-calculated\" data-inline-parent-cid=\"12\" data-inline-override-color=\"text_color\" data-inline-override-font-size=\"font_size\" data-inline-override-line-height=\"line_height\" data-inline-override-letter-spacing=\"letter_spacing\" data-inline-override-tag=\"size\" data-toolbar=\"full\" data-param=\"element_content\" data-fontsize=\"42\" data-lineheight=\"56.7px\">Propietat industrial i intel\u00b7lectual<\/p><\/h2><\/div><div class=\"fusion-text fusion-text-5\"><p>Aquest web \u00e9s propietat de BSC-CNS, per\u00f2 s\u2019atorga una llic\u00e8ncia Creative Commons , i en concret la seg\u00fcent:<\/p>\n<p>Reconeixement-No Comercial CC BY-NC<\/p>\n<p><img decoding=\"async\" src=\"https:\/\/proyectoilenia.es\/wp-content\/uploads\/2023\/10\/legal_notice.png\"><\/p>\n<p>Aquesta llic\u00e8ncia permet als altres barrejar, ajustar i construir a partir de la seva obra amb fins no comercials, i encara que en les seves noves creacions li hagin de recon\u00e8ixer l\u2019autoria i no puguin ser utilitzades de manera comercial, no han d\u2019estar sota una llic\u00e8ncia amb els mateixos termes .<\/p>\n<\/div><div class=\"fusion-title title fusion-title-7 fusion-sep-none fusion-title-text fusion-title-size-two\" style=\"--awb-font-size:42px;\"><h2 class=\"fusion-title-heading title-heading-left\" style=\"font-family:&quot;Roboto&quot;;font-style:normal;font-weight:500;margin:0;font-size:1em;\"><p class=\"fusion-title-heading title-heading-left fusion-live-editable fusion-responsive-typography-calculated\" data-inline-parent-cid=\"8\" data-inline-override-color=\"text_color\" data-inline-override-font-size=\"font_size\" data-inline-override-line-height=\"line_height\" data-inline-override-letter-spacing=\"letter_spacing\" data-inline-override-tag=\"size\" data-toolbar=\"full\" data-param=\"element_content\" data-fontsize=\"42\" data-lineheight=\"56.7px\">Llei aplicable i jurisdicci\u00f3<\/p><\/h2><\/div><div class=\"fusion-text fusion-text-6\"><p>Les presents condicions generals es regeixen per la Legislaci\u00f3 espanyola, sent competents els Jutjats i Tribunals espanyols de la ciutat de Barcelona per con\u00e8ixer de quantes q\u00fcestions se suscitin sobre la interpretaci\u00f3, aplicaci\u00f3 i compliment de les mateixes.<\/p>\n<p>L&#8217;usuari per virtut de la seva acceptaci\u00f3 a les condicions generals recollides en aquest av\u00eds legal, renuncia expressament a qualsevol fur que, per aplicaci\u00f3 de la Llei d&#8217;Enjudiciament Civil vigent li pugui correspondre, sempre que sigui possible aquesta submissi\u00f3.<\/p>\n<\/div><\/div><\/div><\/div><\/div><\/p>\n","protected":false},"excerpt":{"rendered":"","protected":false},"author":1,"featured_media":0,"parent":0,"menu_order":0,"comment_status":"closed","ping_status":"closed","template":"100-width.php","meta":{"_acf_changed":false,"_monsterinsights_skip_tracking":false,"_monsterinsights_sitenote_active":false,"_monsterinsights_sitenote_note":"","_monsterinsights_sitenote_category":0,"footnotes":""},"class_list":["post-7613","page","type-page","status-publish","hentry"],"acf":[],"yoast_head":"<!-- This site is optimized with the Yoast SEO plugin v27.5 - https:\/\/yoast.com\/product\/yoast-seo-wordpress\/ -->\n<title>Nota legal - Projecte Aina Tech<\/title>\n<meta name=\"description\" content=\"Dona una ullada als principals resultats i publicacions cient\u00edfiques relacionats amb els aven\u00e7os i actualitat del Projecte Aina.\" \/>\n<meta name=\"robots\" content=\"index, follow, max-snippet:-1, max-image-preview:large, max-video-preview:-1\" \/>\n<link rel=\"canonical\" href=\"https:\/\/projecteaina.cat\/tech\/nota-legal\/\" \/>\n<meta property=\"og:locale\" content=\"ca_ES\" \/>\n<meta property=\"og:type\" content=\"article\" \/>\n<meta property=\"og:title\" content=\"Nota legal - Projecte Aina Tech\" \/>\n<meta property=\"og:description\" content=\"Dona una ullada als principals resultats i publicacions cient\u00edfiques relacionats amb els aven\u00e7os i actualitat del Projecte Aina.\" \/>\n<meta property=\"og:url\" content=\"https:\/\/projecteaina.cat\/tech\/nota-legal\/\" \/>\n<meta property=\"og:site_name\" content=\"Projecte Aina Tech\" \/>\n<meta property=\"article:modified_time\" content=\"2024-03-10T16:01:25+00:00\" \/>\n<meta property=\"og:image\" content=\"https:\/\/proyectoilenia.es\/wp-content\/uploads\/2023\/10\/legal_notice.png\" \/>\n<meta name=\"twitter:card\" content=\"summary_large_image\" \/>\n<meta name=\"twitter:site\" content=\"@projecte_aina\" \/>\n<meta name=\"twitter:label1\" content=\"Temps estimat de lectura\" \/>\n\t<meta name=\"twitter:data1\" content=\"1 minut\" \/>\n<script type=\"application\/ld+json\" class=\"yoast-schema-graph\">{\"@context\":\"https:\\\/\\\/schema.org\",\"@graph\":[{\"@type\":\"WebPage\",\"@id\":\"https:\\\/\\\/projecteaina.cat\\\/tech\\\/nota-legal\\\/\",\"url\":\"https:\\\/\\\/projecteaina.cat\\\/tech\\\/nota-legal\\\/\",\"name\":\"Nota legal - Projecte Aina Tech\",\"isPartOf\":{\"@id\":\"https:\\\/\\\/projecteaina.cat\\\/tech\\\/#website\"},\"primaryImageOfPage\":{\"@id\":\"https:\\\/\\\/projecteaina.cat\\\/tech\\\/nota-legal\\\/#primaryimage\"},\"image\":{\"@id\":\"https:\\\/\\\/projecteaina.cat\\\/tech\\\/nota-legal\\\/#primaryimage\"},\"thumbnailUrl\":\"https:\\\/\\\/proyectoilenia.es\\\/wp-content\\\/uploads\\\/2023\\\/10\\\/legal_notice.png\",\"datePublished\":\"2024-03-08T18:26:37+00:00\",\"dateModified\":\"2024-03-10T16:01:25+00:00\",\"description\":\"Dona una ullada als principals resultats i publicacions cient\u00edfiques relacionats amb els aven\u00e7os i actualitat del Projecte Aina.\",\"breadcrumb\":{\"@id\":\"https:\\\/\\\/projecteaina.cat\\\/tech\\\/nota-legal\\\/#breadcrumb\"},\"inLanguage\":\"ca\",\"potentialAction\":[{\"@type\":\"ReadAction\",\"target\":[\"https:\\\/\\\/projecteaina.cat\\\/tech\\\/nota-legal\\\/\"]}]},{\"@type\":\"ImageObject\",\"inLanguage\":\"ca\",\"@id\":\"https:\\\/\\\/projecteaina.cat\\\/tech\\\/nota-legal\\\/#primaryimage\",\"url\":\"https:\\\/\\\/proyectoilenia.es\\\/wp-content\\\/uploads\\\/2023\\\/10\\\/legal_notice.png\",\"contentUrl\":\"https:\\\/\\\/proyectoilenia.es\\\/wp-content\\\/uploads\\\/2023\\\/10\\\/legal_notice.png\"},{\"@type\":\"BreadcrumbList\",\"@id\":\"https:\\\/\\\/projecteaina.cat\\\/tech\\\/nota-legal\\\/#breadcrumb\",\"itemListElement\":[{\"@type\":\"ListItem\",\"position\":1,\"name\":\"Inici\",\"item\":\"https:\\\/\\\/projecteaina.cat\\\/tech\\\/\"},{\"@type\":\"ListItem\",\"position\":2,\"name\":\"Nota legal\"}]},{\"@type\":\"WebSite\",\"@id\":\"https:\\\/\\\/projecteaina.cat\\\/tech\\\/#website\",\"url\":\"https:\\\/\\\/projecteaina.cat\\\/tech\\\/\",\"name\":\"Projecte Aina Tech\",\"description\":\"Impulsant l&#039;\u00fas del catal\u00e0 en l&#039;era digital\",\"publisher\":{\"@id\":\"https:\\\/\\\/projecteaina.cat\\\/tech\\\/#organization\"},\"potentialAction\":[{\"@type\":\"SearchAction\",\"target\":{\"@type\":\"EntryPoint\",\"urlTemplate\":\"https:\\\/\\\/projecteaina.cat\\\/tech\\\/?s={search_term_string}\"},\"query-input\":{\"@type\":\"PropertyValueSpecification\",\"valueRequired\":true,\"valueName\":\"search_term_string\"}}],\"inLanguage\":\"ca\"},{\"@type\":\"Organization\",\"@id\":\"https:\\\/\\\/projecteaina.cat\\\/tech\\\/#organization\",\"name\":\"Projecte Aina Tech\",\"url\":\"https:\\\/\\\/projecteaina.cat\\\/tech\\\/\",\"logo\":{\"@type\":\"ImageObject\",\"inLanguage\":\"ca\",\"@id\":\"https:\\\/\\\/projecteaina.cat\\\/tech\\\/#\\\/schema\\\/logo\\\/image\\\/\",\"url\":\"https:\\\/\\\/projecteaina.cat\\\/tech\\\/wp-content\\\/uploads\\\/2023\\\/11\\\/cropped-aina-home-logo.jpg\",\"contentUrl\":\"https:\\\/\\\/projecteaina.cat\\\/tech\\\/wp-content\\\/uploads\\\/2023\\\/11\\\/cropped-aina-home-logo.jpg\",\"width\":512,\"height\":512,\"caption\":\"Projecte Aina Tech\"},\"image\":{\"@id\":\"https:\\\/\\\/projecteaina.cat\\\/tech\\\/#\\\/schema\\\/logo\\\/image\\\/\"},\"sameAs\":[\"https:\\\/\\\/x.com\\\/projecte_aina\",\"https:\\\/\\\/www.linkedin.com\\\/company\\\/projecte-aina\\\/\"]}]}<\/script>\n<!-- \/ Yoast SEO plugin. -->","yoast_head_json":{"title":"Nota legal - Projecte Aina Tech","description":"Dona una ullada als principals resultats i publicacions cient\u00edfiques relacionats amb els aven\u00e7os i actualitat del Projecte Aina.","robots":{"index":"index","follow":"follow","max-snippet":"max-snippet:-1","max-image-preview":"max-image-preview:large","max-video-preview":"max-video-preview:-1"},"canonical":"https:\/\/projecteaina.cat\/tech\/nota-legal\/","og_locale":"ca_ES","og_type":"article","og_title":"Nota legal - Projecte Aina Tech","og_description":"Dona una ullada als principals resultats i publicacions cient\u00edfiques relacionats amb els aven\u00e7os i actualitat del Projecte Aina.","og_url":"https:\/\/projecteaina.cat\/tech\/nota-legal\/","og_site_name":"Projecte Aina Tech","article_modified_time":"2024-03-10T16:01:25+00:00","og_image":[{"url":"https:\/\/proyectoilenia.es\/wp-content\/uploads\/2023\/10\/legal_notice.png","type":"","width":"","height":""}],"twitter_card":"summary_large_image","twitter_site":"@projecte_aina","twitter_misc":{"Temps estimat de lectura":"1 minut"},"schema":{"@context":"https:\/\/schema.org","@graph":[{"@type":"WebPage","@id":"https:\/\/projecteaina.cat\/tech\/nota-legal\/","url":"https:\/\/projecteaina.cat\/tech\/nota-legal\/","name":"Nota legal - Projecte Aina Tech","isPartOf":{"@id":"https:\/\/projecteaina.cat\/tech\/#website"},"primaryImageOfPage":{"@id":"https:\/\/projecteaina.cat\/tech\/nota-legal\/#primaryimage"},"image":{"@id":"https:\/\/projecteaina.cat\/tech\/nota-legal\/#primaryimage"},"thumbnailUrl":"https:\/\/proyectoilenia.es\/wp-content\/uploads\/2023\/10\/legal_notice.png","datePublished":"2024-03-08T18:26:37+00:00","dateModified":"2024-03-10T16:01:25+00:00","description":"Dona una ullada als principals resultats i publicacions cient\u00edfiques relacionats amb els aven\u00e7os i actualitat del Projecte Aina.","breadcrumb":{"@id":"https:\/\/projecteaina.cat\/tech\/nota-legal\/#breadcrumb"},"inLanguage":"ca","potentialAction":[{"@type":"ReadAction","target":["https:\/\/projecteaina.cat\/tech\/nota-legal\/"]}]},{"@type":"ImageObject","inLanguage":"ca","@id":"https:\/\/projecteaina.cat\/tech\/nota-legal\/#primaryimage","url":"https:\/\/proyectoilenia.es\/wp-content\/uploads\/2023\/10\/legal_notice.png","contentUrl":"https:\/\/proyectoilenia.es\/wp-content\/uploads\/2023\/10\/legal_notice.png"},{"@type":"BreadcrumbList","@id":"https:\/\/projecteaina.cat\/tech\/nota-legal\/#breadcrumb","itemListElement":[{"@type":"ListItem","position":1,"name":"Inici","item":"https:\/\/projecteaina.cat\/tech\/"},{"@type":"ListItem","position":2,"name":"Nota legal"}]},{"@type":"WebSite","@id":"https:\/\/projecteaina.cat\/tech\/#website","url":"https:\/\/projecteaina.cat\/tech\/","name":"Projecte Aina Tech","description":"Impulsant l&#039;\u00fas del catal\u00e0 en l&#039;era digital","publisher":{"@id":"https:\/\/projecteaina.cat\/tech\/#organization"},"potentialAction":[{"@type":"SearchAction","target":{"@type":"EntryPoint","urlTemplate":"https:\/\/projecteaina.cat\/tech\/?s={search_term_string}"},"query-input":{"@type":"PropertyValueSpecification","valueRequired":true,"valueName":"search_term_string"}}],"inLanguage":"ca"},{"@type":"Organization","@id":"https:\/\/projecteaina.cat\/tech\/#organization","name":"Projecte Aina Tech","url":"https:\/\/projecteaina.cat\/tech\/","logo":{"@type":"ImageObject","inLanguage":"ca","@id":"https:\/\/projecteaina.cat\/tech\/#\/schema\/logo\/image\/","url":"https:\/\/projecteaina.cat\/tech\/wp-content\/uploads\/2023\/11\/cropped-aina-home-logo.jpg","contentUrl":"https:\/\/projecteaina.cat\/tech\/wp-content\/uploads\/2023\/11\/cropped-aina-home-logo.jpg","width":512,"height":512,"caption":"Projecte Aina Tech"},"image":{"@id":"https:\/\/projecteaina.cat\/tech\/#\/schema\/logo\/image\/"},"sameAs":["https:\/\/x.com\/projecte_aina","https:\/\/www.linkedin.com\/company\/projecte-aina\/"]}]}},"_links":{"self":[{"href":"https:\/\/projecteaina.cat\/tech\/wp-json\/wp\/v2\/pages\/7613","targetHints":{"allow":["GET"]}}],"collection":[{"href":"https:\/\/projecteaina.cat\/tech\/wp-json\/wp\/v2\/pages"}],"about":[{"href":"https:\/\/projecteaina.cat\/tech\/wp-json\/wp\/v2\/types\/page"}],"author":[{"embeddable":true,"href":"https:\/\/projecteaina.cat\/tech\/wp-json\/wp\/v2\/users\/1"}],"replies":[{"embeddable":true,"href":"https:\/\/projecteaina.cat\/tech\/wp-json\/wp\/v2\/comments?post=7613"}],"version-history":[{"count":10,"href":"https:\/\/projecteaina.cat\/tech\/wp-json\/wp\/v2\/pages\/7613\/revisions"}],"predecessor-version":[{"id":7626,"href":"https:\/\/projecteaina.cat\/tech\/wp-json\/wp\/v2\/pages\/7613\/revisions\/7626"}],"wp:attachment":[{"href":"https:\/\/projecteaina.cat\/tech\/wp-json\/wp\/v2\/media?parent=7613"}],"curies":[{"name":"wp","href":"https:\/\/api.w.org\/{rel}","templated":true}]}}