{"id":31,"date":"2023-11-21T11:22:56","date_gmt":"2023-11-21T10:22:56","guid":{"rendered":"https:\/\/projecteaina.cat\/tech\/?page_id=31"},"modified":"2024-01-15T10:55:18","modified_gmt":"2024-01-15T09:55:18","slug":"publicacions-cientifiques","status":"publish","type":"page","link":"https:\/\/projecteaina.cat\/tech\/publicacions-cientifiques\/","title":{"rendered":"Publicacions cient\u00edfiques"},"content":{"rendered":"<p><div class=\"fusion-fullwidth fullwidth-box fusion-builder-row-1 fusion-flex-container has-pattern-background has-mask-background nonhundred-percent-fullwidth non-hundred-percent-height-scrolling\" style=\"--awb-border-radius-top-left:0px;--awb-border-radius-top-right:0px;--awb-border-radius-bottom-right:0px;--awb-border-radius-bottom-left:0px;--awb-padding-top:35px;--awb-flex-wrap:wrap;\" ><div class=\"fusion-builder-row fusion-row fusion-flex-align-items-flex-start fusion-flex-content-wrap\" style=\"max-width:1248px;margin-left: calc(-4% \/ 2 );margin-right: calc(-4% \/ 2 );\"><div class=\"fusion-layout-column fusion_builder_column fusion-builder-column-0 fusion_builder_column_1_1 1_1 fusion-flex-column\" style=\"--awb-padding-right:30px;--awb-padding-left:26px;--awb-bg-size:cover;--awb-width-large:100%;--awb-margin-top-large:0px;--awb-spacing-right-large:1.92%;--awb-margin-bottom-large:20px;--awb-spacing-left-large:1.92%;--awb-width-medium:100%;--awb-order-medium:0;--awb-spacing-right-medium:1.92%;--awb-spacing-left-medium:1.92%;--awb-width-small:100%;--awb-order-small:0;--awb-spacing-right-small:1.92%;--awb-spacing-left-small:1.92%;\"><div class=\"fusion-column-wrapper fusion-column-has-shadow fusion-flex-justify-content-flex-start fusion-content-layout-column\"><div class=\"fusion-title title fusion-title-1 fusion-sep-none fusion-title-text fusion-title-size-two\" style=\"--awb-font-size:48px;\"><h2 class=\"fusion-title-heading title-heading-left\" style=\"font-family:&quot;Roboto&quot;;font-style:normal;font-weight:700;margin:0;font-size:1em;text-transform:none;\">Publicacions cient\u00edfiques<\/h2><\/div><div class=\"fusion-separator\" style=\"align-self: flex-start;margin-right:auto;width:100%;max-width:86px;\"><div class=\"fusion-separator-border sep-single sep-solid\" style=\"--awb-height:20px;--awb-amount:20px;--awb-sep-color:#000000;border-color:#000000;border-top-width:9px;\"><\/div><\/div><\/div><\/div><\/div><\/div><div class=\"fusion-fullwidth fullwidth-box fusion-builder-row-2 fusion-flex-container has-pattern-background has-mask-background nonhundred-percent-fullwidth non-hundred-percent-height-scrolling\" style=\"--awb-border-radius-top-left:0px;--awb-border-radius-top-right:0px;--awb-border-radius-bottom-right:0px;--awb-border-radius-bottom-left:0px;--awb-flex-wrap:wrap;\" ><div class=\"fusion-builder-row fusion-row fusion-flex-align-items-flex-start fusion-flex-content-wrap\" style=\"max-width:1248px;margin-left: calc(-4% \/ 2 );margin-right: calc(-4% \/ 2 );\"><div class=\"fusion-layout-column fusion_builder_column fusion-builder-column-1 fusion_builder_column_1_1 1_1 fusion-flex-column\" style=\"--awb-padding-right:30px;--awb-padding-left:26px;--awb-bg-size:cover;--awb-width-large:100%;--awb-margin-top-large:0px;--awb-spacing-right-large:1.92%;--awb-margin-bottom-large:20px;--awb-spacing-left-large:1.92%;--awb-width-medium:100%;--awb-order-medium:0;--awb-spacing-right-medium:1.92%;--awb-spacing-left-medium:1.92%;--awb-width-small:100%;--awb-order-small:0;--awb-spacing-right-small:1.92%;--awb-spacing-left-small:1.92%;\"><div class=\"fusion-column-wrapper fusion-column-has-shadow fusion-flex-justify-content-flex-start fusion-content-layout-column\"><div class=\"fusion-text fusion-text-1\"><div class=\"pt-cv-wrapper\"><div class=\"pt-cv-view pt-cv-grid pt-cv-colsys pt-cv-pgregular\" id=\"pt-cv-view-ee616aes8g\"><div data-id=\"pt-cv-page-1\" class=\"pt-cv-page\" data-cvc=\"1\"><div class=\"col-md-12 col-sm-12 col-xs-12 pt-cv-content-item pt-cv-2-col\"  data-pid=\"8964\"><div class='pt-cv-ifield'><h4 class=\"pt-cv-title\"><a href=\"https:\/\/projecteaina.cat\/tech\/publicacions\/lafrescat-a-studio-quality-catalan-multi-accent-speech-dataset-for-text-to-speech-synthesis%e2%98%86\/\" class=\"_self cvplbd\" target=\"_self\" >LaFresCat: A studio-quality Catalan multi-accent speech dataset for text-to-speech synthesis\u2606<\/a><\/h4>\n<div class=\"pt-cv-ctf-list\" data-cvc=\"1\"><div class=\"col-md-12 pt-cv-ctf-column\"><div class=\"pt-cv-custom-fields pt-cv-ctf-tipo_de_publicacion\"><div class=\"pt-cv-ctf-value\">Article en revista cient\u00edfica<\/div><\/div><\/div><div class=\"col-md-12 pt-cv-ctf-column\"><div class=\"pt-cv-custom-fields pt-cv-ctf-any_de_publicacio\"><div class=\"pt-cv-ctf-value\">01\/03\/2026<\/div><\/div><\/div><div class=\"col-md-12 pt-cv-ctf-column\"><div class=\"pt-cv-custom-fields pt-cv-ctf-autors\"><div class=\"pt-cv-ctf-value\">Alex Peir\u00f3-Lilja, Carme Armentano-Oller, Jos\u00e9 Giraldo, Wendy Elvira-Garc\u00eda, Ignasi Esquerra, Rodolfo Zevallos, Cristina Espa\u00f1a-Bonet, Mart\u00ed Llopart-Font, Baybars K\u00fclebi, Mireia Farr\u00fas<\/div><\/div><\/div><\/div><\/div><\/div>\n<div class=\"col-md-12 col-sm-12 col-xs-12 pt-cv-content-item pt-cv-2-col\"  data-pid=\"8865\"><div class='pt-cv-ifield'><h4 class=\"pt-cv-title\"><a href=\"https:\/\/projecteaina.cat\/tech\/publicacions\/multi-lmentry-can-multilingual-llms-solve-elementary-tasks-across-languages\/\" class=\"_self cvplbd\" target=\"_self\" >Multi-LMentry: Can Multilingual LLMs Solve Elementary Tasks Across Languages?<\/a><\/h4>\n<div class=\"pt-cv-ctf-list\" data-cvc=\"1\"><div class=\"col-md-12 pt-cv-ctf-column\"><div class=\"pt-cv-custom-fields pt-cv-ctf-tipo_de_publicacion\"><div class=\"pt-cv-ctf-value\">Publicaci\u00f3 en confer\u00e8ncia o Workshop<\/div><\/div><\/div><div class=\"col-md-12 pt-cv-ctf-column\"><div class=\"pt-cv-custom-fields pt-cv-ctf-any_de_publicacio\"><div class=\"pt-cv-ctf-value\">04\/11\/2025<\/div><\/div><\/div><div class=\"col-md-12 pt-cv-ctf-column\"><div class=\"pt-cv-custom-fields pt-cv-ctf-autors\"><div class=\"pt-cv-ctf-value\">Luca Moroni, Javier Aula-Blasco, Simone Conia, Irene Baucells, Naiara Perez, Silvia Paniagua Su\u00e1rez, Anna Sall\u00e9s, Malte Ostendorff, J\u00falia Falc\u00e3o, Guijin Son, Aitor Gonzalez-Agirre, Roberto Navigli, Marta Villegas<\/div><\/div><\/div><\/div><\/div><\/div>\n<div class=\"col-md-12 col-sm-12 col-xs-12 pt-cv-content-item pt-cv-2-col\"  data-pid=\"8863\"><div class='pt-cv-ifield'><h4 class=\"pt-cv-title\"><a href=\"https:\/\/projecteaina.cat\/tech\/publicacions\/terminology-constrained-translation-from-monolingual-data-using-grpo\/\" class=\"_self cvplbd\" target=\"_self\" >Terminology-Constrained Translation from Monolingual Data Using GRPO<\/a><\/h4>\n<div class=\"pt-cv-ctf-list\" data-cvc=\"1\"><div class=\"col-md-12 pt-cv-ctf-column\"><div class=\"pt-cv-custom-fields pt-cv-ctf-tipo_de_publicacion\"><div class=\"pt-cv-ctf-value\">Publicaci\u00f3 en confer\u00e8ncia o Workshop<\/div><\/div><\/div><div class=\"col-md-12 pt-cv-ctf-column\"><div class=\"pt-cv-custom-fields pt-cv-ctf-any_de_publicacio\"><div class=\"pt-cv-ctf-value\">04\/11\/2025<\/div><\/div><\/div><div class=\"col-md-12 pt-cv-ctf-column\"><div class=\"pt-cv-custom-fields pt-cv-ctf-autors\"><div class=\"pt-cv-ctf-value\">Javier Garcia Gilabert, Carlos Escolano, Xixian Liao, Maite Melero\r\n<\/div><\/div><\/div><\/div><\/div><\/div>\n<div class=\"col-md-12 col-sm-12 col-xs-12 pt-cv-content-item pt-cv-2-col\"  data-pid=\"8862\"><div class='pt-cv-ifield'><h4 class=\"pt-cv-title\"><a href=\"https:\/\/projecteaina.cat\/tech\/publicacions\/from-salamandra-to-salamandrata-bsc-submission-for-wmt25-general-machine-translation-shared-task\/\" class=\"_self cvplbd\" target=\"_self\" >From SALAMANDRA to SALAMANDRATA: BSC Submission for WMT25 General Machine Translation Shared Task<\/a><\/h4>\n<div class=\"pt-cv-ctf-list\" data-cvc=\"1\"><div class=\"col-md-12 pt-cv-ctf-column\"><div class=\"pt-cv-custom-fields pt-cv-ctf-tipo_de_publicacion\"><div class=\"pt-cv-ctf-value\">Publicaci\u00f3 en confer\u00e8ncia o Workshop<\/div><\/div><\/div><div class=\"col-md-12 pt-cv-ctf-column\"><div class=\"pt-cv-custom-fields pt-cv-ctf-any_de_publicacio\"><div class=\"pt-cv-ctf-value\">04\/11\/2025<\/div><\/div><\/div><div class=\"col-md-12 pt-cv-ctf-column\"><div class=\"pt-cv-custom-fields pt-cv-ctf-autors\"><div class=\"pt-cv-ctf-value\">Javier Garcia Gilabert, Xixian Liao, Severino Da Dalt, Ella Bohman, Audrey Mash, Francesca De Luca Fornaciari, Irene Baucells, Joan Llop, Miguel Claramunt, Carlos Escolano, Maite Melero<\/div><\/div><\/div><\/div><\/div><\/div>\n<div class=\"col-md-12 col-sm-12 col-xs-12 pt-cv-content-item pt-cv-2-col\"  data-pid=\"8812\"><div class='pt-cv-ifield'><h4 class=\"pt-cv-title\"><a href=\"https:\/\/projecteaina.cat\/tech\/publicacions\/optimizing-asr-for-catalan-spanish-code-switching-a-comparative-analysis-of-methodologies\/\" class=\"_self cvplbd\" target=\"_self\" >Optimizing ASR for Catalan-Spanish Code-Switching: A Comparative Analysis of Methodologies<\/a><\/h4>\n<div class=\"pt-cv-ctf-list\" data-cvc=\"1\"><div class=\"col-md-12 pt-cv-ctf-column\"><div class=\"pt-cv-custom-fields pt-cv-ctf-tipo_de_publicacion\"><div class=\"pt-cv-ctf-value\">Publicaci\u00f3 en confer\u00e8ncia o Workshop<\/div><\/div><\/div><div class=\"col-md-12 pt-cv-ctf-column\"><div class=\"pt-cv-custom-fields pt-cv-ctf-any_de_publicacio\"><div class=\"pt-cv-ctf-value\">20\/08\/2025<\/div><\/div><\/div><div class=\"col-md-12 pt-cv-ctf-column\"><div class=\"pt-cv-custom-fields pt-cv-ctf-autors\"><div class=\"pt-cv-ctf-value\">Carlos Mena, Pol Serra, Jacobo Romero, Abir Messaoudi, Jose Giraldo, Carme Armentano-Oller, Rodolfo Zevallos, Ivan Meza, Javier Hernando<\/div><\/div><\/div><\/div><\/div><\/div>\n<div class=\"col-md-12 col-sm-12 col-xs-12 pt-cv-content-item pt-cv-2-col\"  data-pid=\"8811\"><div class='pt-cv-ifield'><h4 class=\"pt-cv-title\"><a href=\"https:\/\/projecteaina.cat\/tech\/publicacions\/evaluating-speech-enhancement-performance-across-demographics-and-language\/\" class=\"_self cvplbd\" target=\"_self\" >Evaluating Speech Enhancement Performance Across Demographics and Language<\/a><\/h4>\n<div class=\"pt-cv-ctf-list\" data-cvc=\"1\"><div class=\"col-md-12 pt-cv-ctf-column\"><div class=\"pt-cv-custom-fields pt-cv-ctf-tipo_de_publicacion\"><div class=\"pt-cv-ctf-value\">Publicaci\u00f3 en confer\u00e8ncia o Workshop<\/div><\/div><\/div><div class=\"col-md-12 pt-cv-ctf-column\"><div class=\"pt-cv-custom-fields pt-cv-ctf-any_de_publicacio\"><div class=\"pt-cv-ctf-value\">20\/08\/2025<\/div><\/div><\/div><div class=\"col-md-12 pt-cv-ctf-column\"><div class=\"pt-cv-custom-fields pt-cv-ctf-autors\"><div class=\"pt-cv-ctf-value\">Jose Giraldo, Alex Peir\u00f3-Lilja, Carme Armentano-Oller, Rodolfo Zevallos, Cristina Espa\u00f1a-Bonet<\/div><\/div><\/div><\/div><\/div><\/div>\n<div class=\"col-md-12 col-sm-12 col-xs-12 pt-cv-content-item pt-cv-2-col\"  data-pid=\"8810\"><div class='pt-cv-ifield'><h4 class=\"pt-cv-title\"><a href=\"https:\/\/projecteaina.cat\/tech\/publicacions\/towards-domain-specific-spoken-language-understanding-for-a-catalan-voice-controlled-video-game\/\" class=\"_self cvplbd\" target=\"_self\" >Towards Domain-Specific Spoken Language Understanding for a Catalan Voice-Controlled Video Game<\/a><\/h4>\n<div class=\"pt-cv-ctf-list\" data-cvc=\"1\"><div class=\"col-md-12 pt-cv-ctf-column\"><div class=\"pt-cv-custom-fields pt-cv-ctf-tipo_de_publicacion\"><div class=\"pt-cv-ctf-value\">Publicaci\u00f3 en confer\u00e8ncia o Workshop<\/div><\/div><\/div><div class=\"col-md-12 pt-cv-ctf-column\"><div class=\"pt-cv-custom-fields pt-cv-ctf-any_de_publicacio\"><div class=\"pt-cv-ctf-value\">20\/08\/2025<\/div><\/div><\/div><div class=\"col-md-12 pt-cv-ctf-column\"><div class=\"pt-cv-custom-fields pt-cv-ctf-autors\"><div class=\"pt-cv-ctf-value\">Alex Peir\u00f3-Lilja, Rodolfo Zevallos, Carme Armentano-Oller, Jose Giraldo, Cristina Espa\u00f1a-Bonet, Mireia Farr\u00fas<\/div><\/div><\/div><\/div><\/div><\/div>\n<div class=\"col-md-12 col-sm-12 col-xs-12 pt-cv-content-item pt-cv-2-col\"  data-pid=\"8770\"><div class='pt-cv-ifield'><h4 class=\"pt-cv-title\"><a href=\"https:\/\/projecteaina.cat\/tech\/publicacions\/culture-aware-machine-translation-the-case-study-of-low-resource-language-pair-catalan-chinese\/\" class=\"_self cvplbd\" target=\"_self\" >Culture-Aware Machine Translation: The Case Study of Low-Resource Language Pair Catalan-Chinese<\/a><\/h4>\n<div class=\"pt-cv-ctf-list\" data-cvc=\"1\"><div class=\"col-md-12 pt-cv-ctf-column\"><div class=\"pt-cv-custom-fields pt-cv-ctf-tipo_de_publicacion\"><div class=\"pt-cv-ctf-value\">Publicaci\u00f3 en confer\u00e8ncia o Workshop<\/div><\/div><\/div><div class=\"col-md-12 pt-cv-ctf-column\"><div class=\"pt-cv-custom-fields pt-cv-ctf-any_de_publicacio\"><div class=\"pt-cv-ctf-value\">23\/06\/2025<\/div><\/div><\/div><div class=\"col-md-12 pt-cv-ctf-column\"><div class=\"pt-cv-custom-fields pt-cv-ctf-autors\"><div class=\"pt-cv-ctf-value\">Xixian Liao, Carlos Escolano, Audrey Mash, Francesca De Luca Fornaciari, Javier Garc\u00eda Gilabert, Miguel Claramunt Argote, Ella Bohman, Maite Melero<\/div><\/div><\/div><\/div><\/div><\/div>\n<div class=\"col-md-12 col-sm-12 col-xs-12 pt-cv-content-item pt-cv-2-col\"  data-pid=\"8000\"><div class='pt-cv-ifield'><h4 class=\"pt-cv-title\"><a href=\"https:\/\/projecteaina.cat\/tech\/publicacions\/investigating-the-translation-capabilities-of-large-language-models-trained-on-parallel-data-only\/\" class=\"_self cvplbd\" target=\"_self\" >Investigating the translation capabilities of Large Language Models trained on parallel data only<\/a><\/h4>\n<div class=\"pt-cv-ctf-list\" data-cvc=\"1\"><div class=\"col-md-12 pt-cv-ctf-column\"><div class=\"pt-cv-custom-fields pt-cv-ctf-tipo_de_publicacion\"><div class=\"pt-cv-ctf-value\">Publicaci\u00f3 en confer\u00e8ncia o Workshop<\/div><\/div><\/div><div class=\"col-md-12 pt-cv-ctf-column\"><div class=\"pt-cv-custom-fields pt-cv-ctf-any_de_publicacio\"><div class=\"pt-cv-ctf-value\">23\/06\/2025<\/div><\/div><\/div><div class=\"col-md-12 pt-cv-ctf-column\"><div class=\"pt-cv-custom-fields pt-cv-ctf-autors\"><div class=\"pt-cv-ctf-value\">Javier Garc\u00eda Gilabert, Carlos Escolano, Aleix Sant, Francesca De Luca Fornaciari, Audrey Mash, Xixian Liao, Maite Melero<\/div><\/div><\/div><\/div><\/div><\/div>\n<div class=\"col-md-12 col-sm-12 col-xs-12 pt-cv-content-item pt-cv-2-col\"  data-pid=\"8684\"><div class='pt-cv-ifield'><h4 class=\"pt-cv-title\"><a href=\"https:\/\/projecteaina.cat\/tech\/publicacions\/mt-lens-an-all-in-one-toolkit-for-better-machine-translation-evaluation-2\/\" class=\"_self cvplbd\" target=\"_self\" >MT-LENS: An all-in-one Toolkit for Better Machine Translation Evaluation<\/a><\/h4>\n<div class=\"pt-cv-ctf-list\" data-cvc=\"1\"><div class=\"col-md-12 pt-cv-ctf-column\"><div class=\"pt-cv-custom-fields pt-cv-ctf-tipo_de_publicacion\"><div class=\"pt-cv-ctf-value\">Presentacions de p\u00f2sters<\/div><\/div><\/div><div class=\"col-md-12 pt-cv-ctf-column\"><div class=\"pt-cv-custom-fields pt-cv-ctf-any_de_publicacio\"><div class=\"pt-cv-ctf-value\">28\/04\/2025<\/div><\/div><\/div><div class=\"col-md-12 pt-cv-ctf-column\"><div class=\"pt-cv-custom-fields pt-cv-ctf-autors\"><div class=\"pt-cv-ctf-value\">Javier Garc\u00eda Gilabert, Carlos Escolano, Audrey Mash, Xixian Liao, Maite Melero<\/div><\/div><\/div><\/div><\/div><\/div><\/div><\/div>\n<div class=\"text-left pt-cv-pagination-wrapper\"><ul class=\"pt-cv-pagination pt-cv-ajax pagination\" data-totalpages=\"4\" data-currentpage=\"1\" data-sid=\"ee616aes8g\" data-unid=\"\" data-isblock=\"\" data-postid=\"\"><li class=\"active\"><a href=\"#\">1<\/a><\/li>\n\t<li ><a class=\"\" href=\"https:\/\/projecteaina.cat\/tech\/wp-json\/wp\/v2\/pages\/31\/?_page=2\">2<\/a><\/li>\n\t<li ><a class=\"\" href=\"https:\/\/projecteaina.cat\/tech\/wp-json\/wp\/v2\/pages\/31\/?_page=3\">3<\/a><\/li>\n\t<li ><a class=\"\" href=\"https:\/\/projecteaina.cat\/tech\/wp-json\/wp\/v2\/pages\/31\/?_page=4\">4<\/a><\/li>\n\t<li ><a class=\" \" href=\"https:\/\/projecteaina.cat\/tech\/wp-json\/wp\/v2\/pages\/31\/?_page=2\">&rsaquo;<\/a><\/li>\n\t<\/ul><img decoding=\"async\" width=\"15\" height=\"15\" class=\"pt-cv-spinner\" alt=\"Loading...\" src=\"data:image\/gif;base64,R0lGODlhDwAPALMPAMrKygwMDJOTkz09PZWVla+vr3p6euTk5M7OzuXl5TMzMwAAAJmZmWZmZszMzP\/\/\/yH\/C05FVFNDQVBFMi4wAwEAAAAh+QQFCgAPACwAAAAADwAPAAAEQvDJaZaZOIcV8iQK8VRX4iTYoAwZ4iCYoAjZ4RxejhVNoT+mRGP4cyF4Pp0N98sBGIBMEMOotl6YZ3S61Bmbkm4mAgAh+QQFCgAPACwAAAAADQANAAAENPDJSRSZeA418itN8QiK8BiLITVsFiyBBIoYqnoewAD4xPw9iY4XLGYSjkQR4UAUD45DLwIAIfkEBQoADwAsAAAAAA8ACQAABC\/wyVlamTi3nSdgwFNdhEJgTJoNyoB9ISYoQmdjiZPcj7EYCAeCF1gEDo4Dz2eIAAAh+QQFCgAPACwCAAAADQANAAAEM\/DJBxiYeLKdX3IJZT1FU0iIg2RNKx3OkZVnZ98ToRD4MyiDnkAh6BkNC0MvsAj0kMpHBAAh+QQFCgAPACwGAAAACQAPAAAEMDC59KpFDll73HkAA2wVY5KgiK5b0RRoI6MuzG6EQqCDMlSGheEhUAgqgUUAFRySIgAh+QQFCgAPACwCAAIADQANAAAEM\/DJKZNLND\/kkKaHc3xk+QAMYDKsiaqmZCxGVjSFFCxB1vwy2oOgIDxuucxAMTAJFAJNBAAh+QQFCgAPACwAAAYADwAJAAAEMNAs86q1yaWwwv2Ig0jUZx3OYa4XoRAfwADXoAwfo1+CIjyFRuEho60aSNYlOPxEAAAh+QQFCgAPACwAAAIADQANAAAENPA9s4y8+IUVcqaWJ4qEQozSoAzoIyhCK2NFU2SJk0hNnyEOhKR2AzAAj4Pj4GE4W0bkJQIAOw==\" \/><div class=\"clear pt-cv-clear-pagination\"><\/div><\/div><\/div>\t\t\t<style type=\"text\/css\" id=\"pt-cv-inline-style-26b1055sr4\">#pt-cv-view-ee616aes8g .pt-cv-title a, #pt-cv-view-ee616aes8g  .panel-title { font-weight: 600 !important; }\n#pt-cv-view-ee616aes8g .pt-cv-readmore  { color: #ffffff !important; background-color: #00aeef !important; }\n#pt-cv-view-ee616aes8g .pt-cv-readmore:hover  { color: #ffffff !important; background-color: #00aeef !important; }\n#pt-cv-view-ee616aes8g  + .pt-cv-pagination-wrapper .pt-cv-more , #pt-cv-view-ee616aes8g  + .pt-cv-pagination-wrapper .pagination .active a, .pt-cv-pagination[data-sid='ee616aes8g'] .active a { color: #ffffff !important; background-color: #00aeef !important; }<\/style>\r\n\t\t\t\n<\/div><\/div><\/div><\/div><\/div><\/p>\n","protected":false},"excerpt":{"rendered":"","protected":false},"author":1,"featured_media":0,"parent":0,"menu_order":0,"comment_status":"closed","ping_status":"closed","template":"","meta":{"_acf_changed":false,"_monsterinsights_skip_tracking":false,"_monsterinsights_sitenote_active":false,"_monsterinsights_sitenote_note":"","_monsterinsights_sitenote_category":0,"footnotes":""},"class_list":["post-31","page","type-page","status-publish","hentry"],"acf":[],"yoast_head":"<!-- This site is optimized with the Yoast SEO plugin v27.5 - https:\/\/yoast.com\/product\/yoast-seo-wordpress\/ -->\n<title>Publicacions cient\u00edfiques - Projecte Aina Tech<\/title>\n<meta name=\"description\" content=\"Dona una ullada als principals resultats i publicacions cient\u00edfiques relacionats amb els aven\u00e7os i actualitat del Projecte Aina.\" \/>\n<meta name=\"robots\" content=\"index, follow, max-snippet:-1, max-image-preview:large, max-video-preview:-1\" \/>\n<link rel=\"canonical\" href=\"https:\/\/projecteaina.cat\/tech\/publicacions-cientifiques\/\" \/>\n<meta property=\"og:locale\" content=\"ca_ES\" \/>\n<meta property=\"og:type\" content=\"article\" \/>\n<meta property=\"og:title\" content=\"Publicacions cient\u00edfiques - Projecte Aina Tech\" \/>\n<meta property=\"og:description\" content=\"Dona una ullada als principals resultats i publicacions cient\u00edfiques relacionats amb els aven\u00e7os i actualitat del Projecte Aina.\" \/>\n<meta property=\"og:url\" content=\"https:\/\/projecteaina.cat\/tech\/publicacions-cientifiques\/\" \/>\n<meta property=\"og:site_name\" content=\"Projecte Aina Tech\" \/>\n<meta property=\"article:modified_time\" content=\"2024-01-15T09:55:18+00:00\" \/>\n<meta name=\"twitter:card\" content=\"summary_large_image\" \/>\n<meta name=\"twitter:site\" content=\"@projecte_aina\" \/>\n<meta name=\"twitter:label1\" content=\"Temps estimat de lectura\" \/>\n\t<meta name=\"twitter:data1\" content=\"1 minut\" \/>\n<script type=\"application\/ld+json\" class=\"yoast-schema-graph\">{\"@context\":\"https:\\\/\\\/schema.org\",\"@graph\":[{\"@type\":\"WebPage\",\"@id\":\"https:\\\/\\\/projecteaina.cat\\\/tech\\\/publicacions-cientifiques\\\/\",\"url\":\"https:\\\/\\\/projecteaina.cat\\\/tech\\\/publicacions-cientifiques\\\/\",\"name\":\"Publicacions cient\u00edfiques - Projecte Aina Tech\",\"isPartOf\":{\"@id\":\"https:\\\/\\\/projecteaina.cat\\\/tech\\\/#website\"},\"datePublished\":\"2023-11-21T10:22:56+00:00\",\"dateModified\":\"2024-01-15T09:55:18+00:00\",\"description\":\"Dona una ullada als principals resultats i publicacions cient\u00edfiques relacionats amb els aven\u00e7os i actualitat del Projecte Aina.\",\"breadcrumb\":{\"@id\":\"https:\\\/\\\/projecteaina.cat\\\/tech\\\/publicacions-cientifiques\\\/#breadcrumb\"},\"inLanguage\":\"ca\",\"potentialAction\":[{\"@type\":\"ReadAction\",\"target\":[\"https:\\\/\\\/projecteaina.cat\\\/tech\\\/publicacions-cientifiques\\\/\"]}]},{\"@type\":\"BreadcrumbList\",\"@id\":\"https:\\\/\\\/projecteaina.cat\\\/tech\\\/publicacions-cientifiques\\\/#breadcrumb\",\"itemListElement\":[{\"@type\":\"ListItem\",\"position\":1,\"name\":\"Inici\",\"item\":\"https:\\\/\\\/projecteaina.cat\\\/tech\\\/\"},{\"@type\":\"ListItem\",\"position\":2,\"name\":\"Publicacions cient\u00edfiques\"}]},{\"@type\":\"WebSite\",\"@id\":\"https:\\\/\\\/projecteaina.cat\\\/tech\\\/#website\",\"url\":\"https:\\\/\\\/projecteaina.cat\\\/tech\\\/\",\"name\":\"Projecte Aina Tech\",\"description\":\"Impulsant l&#039;\u00fas del catal\u00e0 en l&#039;era digital\",\"publisher\":{\"@id\":\"https:\\\/\\\/projecteaina.cat\\\/tech\\\/#organization\"},\"potentialAction\":[{\"@type\":\"SearchAction\",\"target\":{\"@type\":\"EntryPoint\",\"urlTemplate\":\"https:\\\/\\\/projecteaina.cat\\\/tech\\\/?s={search_term_string}\"},\"query-input\":{\"@type\":\"PropertyValueSpecification\",\"valueRequired\":true,\"valueName\":\"search_term_string\"}}],\"inLanguage\":\"ca\"},{\"@type\":\"Organization\",\"@id\":\"https:\\\/\\\/projecteaina.cat\\\/tech\\\/#organization\",\"name\":\"Projecte Aina Tech\",\"url\":\"https:\\\/\\\/projecteaina.cat\\\/tech\\\/\",\"logo\":{\"@type\":\"ImageObject\",\"inLanguage\":\"ca\",\"@id\":\"https:\\\/\\\/projecteaina.cat\\\/tech\\\/#\\\/schema\\\/logo\\\/image\\\/\",\"url\":\"https:\\\/\\\/projecteaina.cat\\\/tech\\\/wp-content\\\/uploads\\\/2023\\\/11\\\/cropped-aina-home-logo.jpg\",\"contentUrl\":\"https:\\\/\\\/projecteaina.cat\\\/tech\\\/wp-content\\\/uploads\\\/2023\\\/11\\\/cropped-aina-home-logo.jpg\",\"width\":512,\"height\":512,\"caption\":\"Projecte Aina Tech\"},\"image\":{\"@id\":\"https:\\\/\\\/projecteaina.cat\\\/tech\\\/#\\\/schema\\\/logo\\\/image\\\/\"},\"sameAs\":[\"https:\\\/\\\/x.com\\\/projecte_aina\",\"https:\\\/\\\/www.linkedin.com\\\/company\\\/projecte-aina\\\/\"]}]}<\/script>\n<!-- \/ Yoast SEO plugin. -->","yoast_head_json":{"title":"Publicacions cient\u00edfiques - Projecte Aina Tech","description":"Dona una ullada als principals resultats i publicacions cient\u00edfiques relacionats amb els aven\u00e7os i actualitat del Projecte Aina.","robots":{"index":"index","follow":"follow","max-snippet":"max-snippet:-1","max-image-preview":"max-image-preview:large","max-video-preview":"max-video-preview:-1"},"canonical":"https:\/\/projecteaina.cat\/tech\/publicacions-cientifiques\/","og_locale":"ca_ES","og_type":"article","og_title":"Publicacions cient\u00edfiques - Projecte Aina Tech","og_description":"Dona una ullada als principals resultats i publicacions cient\u00edfiques relacionats amb els aven\u00e7os i actualitat del Projecte Aina.","og_url":"https:\/\/projecteaina.cat\/tech\/publicacions-cientifiques\/","og_site_name":"Projecte Aina Tech","article_modified_time":"2024-01-15T09:55:18+00:00","twitter_card":"summary_large_image","twitter_site":"@projecte_aina","twitter_misc":{"Temps estimat de lectura":"1 minut"},"schema":{"@context":"https:\/\/schema.org","@graph":[{"@type":"WebPage","@id":"https:\/\/projecteaina.cat\/tech\/publicacions-cientifiques\/","url":"https:\/\/projecteaina.cat\/tech\/publicacions-cientifiques\/","name":"Publicacions cient\u00edfiques - Projecte Aina Tech","isPartOf":{"@id":"https:\/\/projecteaina.cat\/tech\/#website"},"datePublished":"2023-11-21T10:22:56+00:00","dateModified":"2024-01-15T09:55:18+00:00","description":"Dona una ullada als principals resultats i publicacions cient\u00edfiques relacionats amb els aven\u00e7os i actualitat del Projecte Aina.","breadcrumb":{"@id":"https:\/\/projecteaina.cat\/tech\/publicacions-cientifiques\/#breadcrumb"},"inLanguage":"ca","potentialAction":[{"@type":"ReadAction","target":["https:\/\/projecteaina.cat\/tech\/publicacions-cientifiques\/"]}]},{"@type":"BreadcrumbList","@id":"https:\/\/projecteaina.cat\/tech\/publicacions-cientifiques\/#breadcrumb","itemListElement":[{"@type":"ListItem","position":1,"name":"Inici","item":"https:\/\/projecteaina.cat\/tech\/"},{"@type":"ListItem","position":2,"name":"Publicacions cient\u00edfiques"}]},{"@type":"WebSite","@id":"https:\/\/projecteaina.cat\/tech\/#website","url":"https:\/\/projecteaina.cat\/tech\/","name":"Projecte Aina Tech","description":"Impulsant l&#039;\u00fas del catal\u00e0 en l&#039;era digital","publisher":{"@id":"https:\/\/projecteaina.cat\/tech\/#organization"},"potentialAction":[{"@type":"SearchAction","target":{"@type":"EntryPoint","urlTemplate":"https:\/\/projecteaina.cat\/tech\/?s={search_term_string}"},"query-input":{"@type":"PropertyValueSpecification","valueRequired":true,"valueName":"search_term_string"}}],"inLanguage":"ca"},{"@type":"Organization","@id":"https:\/\/projecteaina.cat\/tech\/#organization","name":"Projecte Aina Tech","url":"https:\/\/projecteaina.cat\/tech\/","logo":{"@type":"ImageObject","inLanguage":"ca","@id":"https:\/\/projecteaina.cat\/tech\/#\/schema\/logo\/image\/","url":"https:\/\/projecteaina.cat\/tech\/wp-content\/uploads\/2023\/11\/cropped-aina-home-logo.jpg","contentUrl":"https:\/\/projecteaina.cat\/tech\/wp-content\/uploads\/2023\/11\/cropped-aina-home-logo.jpg","width":512,"height":512,"caption":"Projecte Aina Tech"},"image":{"@id":"https:\/\/projecteaina.cat\/tech\/#\/schema\/logo\/image\/"},"sameAs":["https:\/\/x.com\/projecte_aina","https:\/\/www.linkedin.com\/company\/projecte-aina\/"]}]}},"_links":{"self":[{"href":"https:\/\/projecteaina.cat\/tech\/wp-json\/wp\/v2\/pages\/31","targetHints":{"allow":["GET"]}}],"collection":[{"href":"https:\/\/projecteaina.cat\/tech\/wp-json\/wp\/v2\/pages"}],"about":[{"href":"https:\/\/projecteaina.cat\/tech\/wp-json\/wp\/v2\/types\/page"}],"author":[{"embeddable":true,"href":"https:\/\/projecteaina.cat\/tech\/wp-json\/wp\/v2\/users\/1"}],"replies":[{"embeddable":true,"href":"https:\/\/projecteaina.cat\/tech\/wp-json\/wp\/v2\/comments?post=31"}],"version-history":[{"count":25,"href":"https:\/\/projecteaina.cat\/tech\/wp-json\/wp\/v2\/pages\/31\/revisions"}],"predecessor-version":[{"id":7420,"href":"https:\/\/projecteaina.cat\/tech\/wp-json\/wp\/v2\/pages\/31\/revisions\/7420"}],"wp:attachment":[{"href":"https:\/\/projecteaina.cat\/tech\/wp-json\/wp\/v2\/media?parent=31"}],"curies":[{"name":"wp","href":"https:\/\/api.w.org\/{rel}","templated":true}]}}